{"id":520,"date":"2025-06-04T13:38:40","date_gmt":"2025-06-04T13:38:40","guid":{"rendered":"https:\/\/ohp.tax\/?page_id=520"},"modified":"2025-09-17T07:37:41","modified_gmt":"2025-09-17T07:37:41","slug":"careers","status":"publish","type":"page","link":"https:\/\/ohp.tax\/de\/careers\/","title":{"rendered":"Karriere"},"content":{"rendered":"<div data-elementor-type=\"wp-page\" data-elementor-id=\"520\" class=\"elementor elementor-520\" data-elementor-post-type=\"page\">\n\t\t\t\t<div class=\"elementor-element elementor-element-60132b0 e-flex e-con-boxed e-con e-parent\" data-id=\"60132b0\" data-element_type=\"container\">\n\t\t\t\t\t<div class=\"e-con-inner\">\n\t\t<div class=\"elementor-element elementor-element-62c974e e-con-full e-flex e-con e-child\" data-id=\"62c974e\" data-element_type=\"container\">\n\t\t\t\t<div class=\"elementor-element elementor-element-3514606 elementor-widget elementor-widget-heading\" data-id=\"3514606\" data-element_type=\"widget\" data-widget_type=\"heading.default\">\n\t\t\t\t<div class=\"elementor-widget-container\">\n\t\t\t\t\t<h1 class=\"elementor-heading-title elementor-size-default\">Karriere<\/h1>\t\t\t\t<\/div>\n\t\t\t\t<\/div>\n\t\t\t\t<div class=\"elementor-element elementor-element-7e517c5 elementor-widget elementor-widget-text-editor\" data-id=\"7e517c5\" data-element_type=\"widget\" data-widget_type=\"text-editor.default\">\n\t\t\t\t<div class=\"elementor-widget-container\">\n\t\t\t\t\t\t\t\t\t<p>Wir legen gro\u00dfen Wert auf Integrit\u00e4t, Innovation und kontinuierliches Lernen und bieten ein unterst\u00fctzendes Umfeld, in dem Ihre Talente gedeihen k\u00f6nnen. Ob Sie bereits ein erfahrener Profi sind oder am Anfang Ihrer beruflichen Laufbahn stehen \u2013 entdecken Sie unsere aktuellen Stellenangebote und werden Sie Teil eines Teams, das Zusammenarbeit, Wachstum und einen positiven Beitrag in der Finanzberatungsbranche sch\u00e4tzt.<\/p><p>Falls Sie Interesse an einem unserer Jobangebote haben, so freuen wir uns \u00fcber einen Anruf unter der (040) 18 20 40 34 oder eine kurze Email an info@ohp.tax. Wir w\u00fcrden uns freuen Sie gerne n\u00e4her kennenlernen und zu schauen, ob Sie gut zu uns passen.<\/p>\t\t\t\t\t\t\t\t<\/div>\n\t\t\t\t<\/div>\n\t\t\t\t<\/div>\n\t\t<div class=\"elementor-element elementor-element-8e7117b e-con-full e-flex e-con e-child\" data-id=\"8e7117b\" data-element_type=\"container\">\n\t\t\t\t<div class=\"elementor-element elementor-element-e22a720 elementor-grid-1 elementor-grid-tablet-2 elementor-grid-mobile-1 elementor-widget elementor-widget-loop-grid\" data-id=\"e22a720\" data-element_type=\"widget\" data-settings=\"{&quot;template_id&quot;:&quot;459&quot;,&quot;columns&quot;:1,&quot;row_gap&quot;:{&quot;unit&quot;:&quot;px&quot;,&quot;size&quot;:11,&quot;sizes&quot;:[]},&quot;_skin&quot;:&quot;post&quot;,&quot;columns_tablet&quot;:&quot;2&quot;,&quot;columns_mobile&quot;:&quot;1&quot;,&quot;edit_handle_selector&quot;:&quot;[data-elementor-type=\\&quot;loop-item\\&quot;]&quot;,&quot;row_gap_tablet&quot;:{&quot;unit&quot;:&quot;px&quot;,&quot;size&quot;:&quot;&quot;,&quot;sizes&quot;:[]},&quot;row_gap_mobile&quot;:{&quot;unit&quot;:&quot;px&quot;,&quot;size&quot;:&quot;&quot;,&quot;sizes&quot;:[]}}\" data-widget_type=\"loop-grid.post\">\n\t\t\t\t<div class=\"elementor-widget-container\">\n\t\t\t\t\t\t\t<div class=\"elementor-loop-container elementor-grid\" role=\"list\">\n\t\t<style id=\"loop-459\">.elementor-459 .elementor-element.elementor-element-66ed33c{--display:flex;--flex-direction:row;--container-widget-width:calc( ( 1 - var( --container-widget-flex-grow ) ) * 100% );--container-widget-height:100%;--container-widget-flex-grow:1;--container-widget-align-self:stretch;--flex-wrap-mobile:wrap;--justify-content:space-between;--align-items:center;--border-radius:10px 10px 10px 10px;--padding-top:3%;--padding-bottom:3%;--padding-left:3%;--padding-right:3%;}.elementor-459 .elementor-element.elementor-element-66ed33c:not(.elementor-motion-effects-element-type-background), .elementor-459 .elementor-element.elementor-element-66ed33c > .elementor-motion-effects-container > .elementor-motion-effects-layer{background-color:var( --e-global-color-primary );}.elementor-widget-theme-post-title .elementor-heading-title{font-family:var( --e-global-typography-primary-font-family ), Sans-serif;font-weight:var( --e-global-typography-primary-font-weight );color:var( --e-global-color-primary );}.elementor-459 .elementor-element.elementor-element-7e27130 .elementor-heading-title{color:var( --e-global-color-50ee96a );}.elementor-widget-button .elementor-button{background-color:var( --e-global-color-accent );font-family:var( --e-global-typography-accent-font-family ), Sans-serif;font-weight:var( --e-global-typography-accent-font-weight );}.elementor-459 .elementor-element.elementor-element-d8005b1 .elementor-button{background-color:#003B4900;padding:0px 0px 0px 0px;}.elementor-459 .elementor-element.elementor-element-d8005b1 > .elementor-widget-container{margin:0% 0% 0% 0%;}.elementor-459 .elementor-element.elementor-element-d8005b1 .elementor-button-content-wrapper{flex-direction:row;}.elementor-459 .elementor-element.elementor-element-d8005b1 .elementor-button .elementor-button-content-wrapper{gap:15px;}.elementor-459 .elementor-element.elementor-element-d8005b1 .elementor-button:hover, .elementor-459 .elementor-element.elementor-element-d8005b1 .elementor-button:focus{color:var( --e-global-color-94d8eb9 );}.elementor-459 .elementor-element.elementor-element-d8005b1 .elementor-button:hover svg, .elementor-459 .elementor-element.elementor-element-d8005b1 .elementor-button:focus svg{fill:var( --e-global-color-94d8eb9 );}@media(max-width:1024px){.elementor-459 .elementor-element.elementor-element-66ed33c{--flex-direction:column;--container-widget-width:calc( ( 1 - var( --container-widget-flex-grow ) ) * 100% );--container-widget-height:initial;--container-widget-flex-grow:0;--container-widget-align-self:initial;--flex-wrap-mobile:wrap;--align-items:flex-start;--padding-top:6%;--padding-bottom:6%;--padding-left:6%;--padding-right:6%;}}@media(max-width:767px){.elementor-459 .elementor-element.elementor-element-66ed33c{--flex-direction:column;--container-widget-width:calc( ( 1 - var( --container-widget-flex-grow ) ) * 100% );--container-widget-height:initial;--container-widget-flex-grow:0;--container-widget-align-self:initial;--flex-wrap-mobile:wrap;--align-items:flex-start;--padding-top:7%;--padding-bottom:7%;--padding-left:7%;--padding-right:7%;}}<\/style>\t\t<div data-elementor-type=\"loop-item\" data-elementor-id=\"459\" class=\"elementor elementor-459 e-loop-item e-loop-item-706 post-706 post type-post status-publish format-standard hentry category-careers\" data-elementor-post-type=\"elementor_library\" data-custom-edit-handle=\"1\">\n\t\t\t<div class=\"elementor-element elementor-element-66ed33c e-flex e-con-boxed e-con e-parent\" data-id=\"66ed33c\" data-element_type=\"container\" data-settings=\"{&quot;background_background&quot;:&quot;classic&quot;}\">\n\t\t\t\t\t<div class=\"e-con-inner\">\n\t\t\t\t<div class=\"elementor-element elementor-element-7e27130 elementor-widget elementor-widget-theme-post-title elementor-page-title elementor-widget-heading\" data-id=\"7e27130\" data-element_type=\"widget\" data-widget_type=\"theme-post-title.default\">\n\t\t\t\t<div class=\"elementor-widget-container\">\n\t\t\t\t\t<h4 class=\"elementor-heading-title elementor-size-default\">B\u00fcroassistenz (M\/W\/D) in Hamburg (am Volksparkstadion)<\/h4>\t\t\t\t<\/div>\n\t\t\t\t<\/div>\n\t\t\t\t<div class=\"elementor-element elementor-element-d8005b1 elementor-align-right elementor-widget elementor-widget-button\" data-id=\"d8005b1\" data-element_type=\"widget\" data-widget_type=\"button.default\">\n\t\t\t\t<div class=\"elementor-widget-container\">\n\t\t\t\t\t\t\t\t\t<div class=\"elementor-button-wrapper\">\n\t\t\t\t\t<a class=\"elementor-button elementor-button-link elementor-size-sm\" href=\"https:\/\/ohp.tax\/de\/buroassistenz-m-w-d-in-hamburg-am-volksparkstadion\/\">\n\t\t\t\t\t\t<span class=\"elementor-button-content-wrapper\">\n\t\t\t\t\t\t<span class=\"elementor-button-icon\">\n\t\t\t\t<svg xmlns=\"http:\/\/www.w3.org\/2000\/svg\" xmlns:xlink=\"http:\/\/www.w3.org\/1999\/xlink\" width=\"24\" height=\"52\" viewbox=\"0 0 24 52\"><defs><pattern id=\"pattern\" preserveaspectratio=\"none\" width=\"100%\" height=\"100%\" viewbox=\"0 0 140 300\"><image width=\"140\" height=\"300\" xlink:href=\"data:image\/png;base64,iVBORw0KGgoAAAANSUhEUgAAAIwAAAEsCAYAAAARq1tkAAAACXBIWXMAAAsSAAALEgHS3X78AAAJpUlEQVR4nO3dzXVcxxGG4ZKOD7Z2BnYGVgZSBhYy6BAcwoRAZ9CKAGQGdAS2MhAjsLnFhl54QA2GM42+91bXT\/f7rEgCnJrFdwpAd13Ud1++fBHk9Hx6PBmX\/O07ApPT8+nxBxH5l3HZf3xvXBB6\/u5Q8x2Byetn43q\/PpyefiMwCT2fHn8WkT8al30nIkJgcioONd+LEJh0nk+PfxKRvxmX\/fBwevqvCIHJqDjUrC9\/IDD5FON6nx9OT+9f\/kJgEjmfvfzVuGy9\/AuByaU41KyXfyEwuVifvXx6OD39+\/IfCEwS57OXPxuXfXf9DwQmD+vuInI+e7nE5WMC57OX\/xiX\/fBwevompHSYHEJ0FxECk0Uxrvf54fRUb32AwAT3fHr8i4j8aFz2ZncRITAZFIea9d4HCEx8xbjep4fT08d7HyQwgT2fHn8S+7OX2voggYmtONSsrQ8SmNhcxjBbn0Bggno+PRZxGsNsITBxhTmsu0RgAjqfvViPYf7yMobZQmBiCtldRAhMVMW43qsxzBYCE0yEMcwWAhNPcahZez+RwMRTjOv9ej2G2UJgAnF6BLZu+WQCE4vHT0d1yyczohlEpDHMFjpMHGHPXi4RmDisf0HQ3THMFgITwPkqwPrsZXN3ESEwUbj8+rE9\/4nAxOD+CGwvAuMs4hhmC4HxVxxq1r3\/kcA4Op+9WH85+udbY5gtBMZX+KuAawTGl3V3+Sw7f5x+QWCcOI1hvu8Zw2whMH5SXAVcIzB+rA\/rPvWOYbYQGAfnMUzrs5fDYREhMF7SXAVcIzA+wj0C24vAGMswhtlCYOwVh5pV64UIjCHvTSQaCIyt4lCzar4YgbFVjOt1PwLbi8AYyTSG2UJg7KQ9e7lEYOykGcNsITAGomwi0UBgbKS8mb6FR2UHy\/IIbC86zHjTdBcRAmOhGNc7PIbZQmAG8tpEonkVcI3AjFUcataRL05gxirG9ZqbSDQQmEEyj2G2EJhxprgKuEZgxkk7htlCYAaIuolEA4EZY6rDuksERpnTGGbXJhINBEZfcahp0l1ECMwIxbie+hhmC4FRFH0TiQYCo6s41KyWxQiMrmJcb9MmEg0ERkn2R2B7ERg90569XGJEU8FsY5gtdBgdS3QXEQKjJcUmEg0E5qBZHoHtRWCOKw41TW6mbyEwxxXjekMege1FYA7ItolEA4E5pjjUrA41vyIwO2XcRKKBwOy3xFXANQKz3zKHdZcIzA5Om0jMxjBbCMw+S3YXEQKzV8pNJBoIzEazPgLbi8BsVxxqVoeaNxGY7YpxPfMxzBYCs8EqY5gtBGab4lCzOtS8i8B0mmETiQYC08\/j7KU61GwiMP08xjDD\/Dj9gsB0WG0Ms4XA9Jny14\/tQWD6TLGJRAOBecNMm0g0EJi3LXszfQuBaVh1DLOFwLQtfxVwjcC0FeN6QzeRaCAwd8y4iUQDgbmPq4AbCMx9HmOYH41rbkZgblh9DLOFwNzGVcAdBOa2KTeRaCAwV2beRKKBwHyLq4AGAnOBMcy3EZjXikPN6lBzNwLzWjGuF3IMs4XAnK2wiUQDgfldcahZHWoeQmB+xxhmBwIjjGFuQWD+j7OXTstvM1lpE4kGOgzdZRMC43P2Uo1rqlk6MF5jmMb1VC0dGOHsZTMCYyvFGGbLsoFZcROJhmUDI3w52mXlwDCGucOSgWEMc78lAyMc1u22XGBW3kSiYbnACN3lkBUDU4zrhdlEomGpwDiNYU4TFpHFAiOcvRxGYMYKtYlEwzKBYROJjmUCI3w5UrFEYHgEVs8SgRHOXtSsEhiPTSTVuKaJ6QPDJhJd0wdG+PVjqlYIDI\/AKpo6ME5jmNN2F5HJAyM+Zy\/Tfv8iMnFg2EQyxrSBETaRDDFzYIpxvfCbSDRMGRg2kYwzZWCEq4BhZg2MxyYSApMRm0jGmi4wwlXAUDMGhkdgB5oqMIxhjjdVYIQxzOGmCQxjmDamCYzQXUwQmP3SbSLRMEVgnMYwq3G9EKYIjPicvVSHmu5mCQxjmEbSB4ZNJLbSB0a4mTaVepsJm0jsZe8wdBdj2QNTjOstMYbZkjYwjGH6SBsY4SrABYHpl34TiYaUgXEaw6zG9UJKGRjhKsBN1sAwhukkXWDYROIrXWCEwzpXqQLDJhJ\/qQIjdBd32QJTjOstOYbZkiYwTptIqnG98NIERrgKCIHA3DfdJhINKQLDI7BxpAiM8NNRGOFHNBnDjCVDh6G7BJIhMGwiCSR0YNhEEk\/owIjP2Qs30w0E5rVlH4HtFTYwTptIqnG9dMIGRrgKCClkYNhEElfIwAibSMKKHBhr\/DjdIVxgGMOMLVxghO4SWsTAsIkksFCBYRNJfKECI1wFhLd6YHgEdqMwgWEMM4cwgRGuAlIIERg2keQRIjBCd0lj1cDwCOxO7oFhDDMX98AIW2BTiRAYNpEk4hoYNpHk491huJlOxi0wTmOYH7gKOMazw3hcBdBdDvIMTDGut\/wmEg0ugWETSV5eHaY41KwONaezSmDYRKLEPDCMYebm0WG4CkjMIzBsIknMNDBsIsnPusNwFZCcWWAYw5yDZYcphrVeVIeaU5s5MIxhDmASGDaRzMOqwxSjOpeqQ83pWQXG4+yFMcwBhgfGaQyzGtdbhkWH4exlIkO3mbCJZD6jOwzdZTKjA8MmkskMCwyPwM5pZIcpA1\/7nupQcykzBYYxTANDAsMmknmN6jBl0Ou2VIeayxkVGDaRTEo9ME5jmNW43rJGdBgO6yamGhg2kcxPu8PQXSanHRg2kUxOLTA8ArsGzQ5TFF+rV3WoubTMgWEM04FKYNhEsg6tDlOUXmeL6lBzeYcDwyOwa9HoMJy9LEQjMIxhLuRQYBjDXM\/RDsOvH1vM0cCwiWQxuwPjNIZJd3F2pMMUrTexAd+\/ONsVGKdNJIxhBrC3w3AVsKi9gSmab6IDm0iC2BwYNpGsbU+H4SpgYXsCwxjmwjYFhjFMbO0wXAUsbmtg2ESyuO7AOI1h0l2C2dJhyqg30cD3L8F0BYYxTLzo7TBl5Ju4ozrUxBuiBoZNJEG9GRg2keBST4cpo9\/EDdWhJjr0BIYxTHzVDIzTJhLOXgJ7q8NwM41X7m4zYRMJbml1GLoLvtEKTLF6E2eMYSZwMzCMYeKeex2mWL6Js+pQExtFCQybSJL4JjBsIkHLrQ5TrN+EEJg0bgWGMUzc9SowTptIuApI5LrDcFiHpq+BYRMJelx2GLoL3nQZmGJcmzHMhL4XYQwT\/V46THGoXR1q4iCvwLCJJKk\/nH86sj4L+WhcD0r+B5\/wFEOrR8lBAAAAAElFTkSuQmCC\"><\/image><\/pattern><\/defs><rect id=\"forward_orange\" width=\"24\" height=\"52\" fill=\"url(#pattern)\"><\/rect><\/svg>\t\t\t<\/span>\n\t\t\t\t\t\t\t\t\t<span class=\"elementor-button-text\">Mehr erfahren<\/span>\n\t\t\t\t\t<\/span>\n\t\t\t\t\t<\/a>\n\t\t\t\t<\/div>\n\t\t\t\t\t\t\t\t<\/div>\n\t\t\t\t<\/div>\n\t\t\t\t\t<\/div>\n\t\t\t\t<\/div>\n\t\t\t\t<\/div>\n\t\t\t\t<div data-elementor-type=\"loop-item\" data-elementor-id=\"459\" class=\"elementor elementor-459 e-loop-item e-loop-item-541 post-541 post type-post status-publish format-standard hentry category-careers tag-werkstudent\" data-elementor-post-type=\"elementor_library\" data-custom-edit-handle=\"1\">\n\t\t\t<div class=\"elementor-element elementor-element-66ed33c e-flex e-con-boxed e-con e-parent\" data-id=\"66ed33c\" data-element_type=\"container\" data-settings=\"{&quot;background_background&quot;:&quot;classic&quot;}\">\n\t\t\t\t\t<div class=\"e-con-inner\">\n\t\t\t\t<div class=\"elementor-element elementor-element-7e27130 elementor-widget elementor-widget-theme-post-title elementor-page-title elementor-widget-heading\" data-id=\"7e27130\" data-element_type=\"widget\" data-widget_type=\"theme-post-title.default\">\n\t\t\t\t<div class=\"elementor-widget-container\">\n\t\t\t\t\t<h4 class=\"elementor-heading-title elementor-size-default\">Werkstudent (m\/w\/d) in der Steuerberatung<\/h4>\t\t\t\t<\/div>\n\t\t\t\t<\/div>\n\t\t\t\t<div class=\"elementor-element elementor-element-d8005b1 elementor-align-right elementor-widget elementor-widget-button\" data-id=\"d8005b1\" data-element_type=\"widget\" data-widget_type=\"button.default\">\n\t\t\t\t<div class=\"elementor-widget-container\">\n\t\t\t\t\t\t\t\t\t<div class=\"elementor-button-wrapper\">\n\t\t\t\t\t<a class=\"elementor-button elementor-button-link elementor-size-sm\" href=\"https:\/\/ohp.tax\/de\/werkstudent\/\">\n\t\t\t\t\t\t<span class=\"elementor-button-content-wrapper\">\n\t\t\t\t\t\t<span class=\"elementor-button-icon\">\n\t\t\t\t<svg xmlns=\"http:\/\/www.w3.org\/2000\/svg\" xmlns:xlink=\"http:\/\/www.w3.org\/1999\/xlink\" width=\"24\" height=\"52\" viewbox=\"0 0 24 52\"><defs><pattern id=\"pattern\" preserveaspectratio=\"none\" width=\"100%\" height=\"100%\" viewbox=\"0 0 140 300\"><image width=\"140\" height=\"300\" xlink:href=\"data:image\/png;base64,iVBORw0KGgoAAAANSUhEUgAAAIwAAAEsCAYAAAARq1tkAAAACXBIWXMAAAsSAAALEgHS3X78AAAJpUlEQVR4nO3dzXVcxxGG4ZKOD7Z2BnYGVgZSBhYy6BAcwoRAZ9CKAGQGdAS2MhAjsLnFhl54QA2GM42+91bXT\/f7rEgCnJrFdwpAd13Ud1++fBHk9Hx6PBmX\/O07ApPT8+nxBxH5l3HZf3xvXBB6\/u5Q8x2Byetn43q\/PpyefiMwCT2fHn8WkT8al30nIkJgcioONd+LEJh0nk+PfxKRvxmX\/fBwevqvCIHJqDjUrC9\/IDD5FON6nx9OT+9f\/kJgEjmfvfzVuGy9\/AuByaU41KyXfyEwuVifvXx6OD39+\/IfCEwS57OXPxuXfXf9DwQmD+vuInI+e7nE5WMC57OX\/xiX\/fBwevompHSYHEJ0FxECk0Uxrvf54fRUb32AwAT3fHr8i4j8aFz2ZncRITAZFIea9d4HCEx8xbjep4fT08d7HyQwgT2fHn8S+7OX2voggYmtONSsrQ8SmNhcxjBbn0Bggno+PRZxGsNsITBxhTmsu0RgAjqfvViPYf7yMobZQmBiCtldRAhMVMW43qsxzBYCE0yEMcwWAhNPcahZez+RwMRTjOv9ej2G2UJgAnF6BLZu+WQCE4vHT0d1yyczohlEpDHMFjpMHGHPXi4RmDisf0HQ3THMFgITwPkqwPrsZXN3ESEwUbj8+rE9\/4nAxOD+CGwvAuMs4hhmC4HxVxxq1r3\/kcA4Op+9WH85+udbY5gtBMZX+KuAawTGl3V3+Sw7f5x+QWCcOI1hvu8Zw2whMH5SXAVcIzB+rA\/rPvWOYbYQGAfnMUzrs5fDYREhMF7SXAVcIzA+wj0C24vAGMswhtlCYOwVh5pV64UIjCHvTSQaCIyt4lCzar4YgbFVjOt1PwLbi8AYyTSG2UJg7KQ9e7lEYOykGcNsITAGomwi0UBgbKS8mb6FR2UHy\/IIbC86zHjTdBcRAmOhGNc7PIbZQmAG8tpEonkVcI3AjFUcataRL05gxirG9ZqbSDQQmEEyj2G2EJhxprgKuEZgxkk7htlCYAaIuolEA4EZY6rDuksERpnTGGbXJhINBEZfcahp0l1ECMwIxbie+hhmC4FRFH0TiQYCo6s41KyWxQiMrmJcb9MmEg0ERkn2R2B7ERg90569XGJEU8FsY5gtdBgdS3QXEQKjJcUmEg0E5qBZHoHtRWCOKw41TW6mbyEwxxXjekMege1FYA7ItolEA4E5pjjUrA41vyIwO2XcRKKBwOy3xFXANQKz3zKHdZcIzA5Om0jMxjBbCMw+S3YXEQKzV8pNJBoIzEazPgLbi8BsVxxqVoeaNxGY7YpxPfMxzBYCs8EqY5gtBGab4lCzOtS8i8B0mmETiQYC08\/j7KU61GwiMP08xjDD\/Dj9gsB0WG0Ms4XA9Jny14\/tQWD6TLGJRAOBecNMm0g0EJi3LXszfQuBaVh1DLOFwLQtfxVwjcC0FeN6QzeRaCAwd8y4iUQDgbmPq4AbCMx9HmOYH41rbkZgblh9DLOFwNzGVcAdBOa2KTeRaCAwV2beRKKBwHyLq4AGAnOBMcy3EZjXikPN6lBzNwLzWjGuF3IMs4XAnK2wiUQDgfldcahZHWoeQmB+xxhmBwIjjGFuQWD+j7OXTstvM1lpE4kGOgzdZRMC43P2Uo1rqlk6MF5jmMb1VC0dGOHsZTMCYyvFGGbLsoFZcROJhmUDI3w52mXlwDCGucOSgWEMc78lAyMc1u22XGBW3kSiYbnACN3lkBUDU4zrhdlEomGpwDiNYU4TFpHFAiOcvRxGYMYKtYlEwzKBYROJjmUCI3w5UrFEYHgEVs8SgRHOXtSsEhiPTSTVuKaJ6QPDJhJd0wdG+PVjqlYIDI\/AKpo6ME5jmNN2F5HJAyM+Zy\/Tfv8iMnFg2EQyxrSBETaRDDFzYIpxvfCbSDRMGRg2kYwzZWCEq4BhZg2MxyYSApMRm0jGmi4wwlXAUDMGhkdgB5oqMIxhjjdVYIQxzOGmCQxjmDamCYzQXUwQmP3SbSLRMEVgnMYwq3G9EKYIjPicvVSHmu5mCQxjmEbSB4ZNJLbSB0a4mTaVepsJm0jsZe8wdBdj2QNTjOstMYbZkjYwjGH6SBsY4SrABYHpl34TiYaUgXEaw6zG9UJKGRjhKsBN1sAwhukkXWDYROIrXWCEwzpXqQLDJhJ\/qQIjdBd32QJTjOstOYbZkiYwTptIqnG98NIERrgKCIHA3DfdJhINKQLDI7BxpAiM8NNRGOFHNBnDjCVDh6G7BJIhMGwiCSR0YNhEEk\/owIjP2Qs30w0E5rVlH4HtFTYwTptIqnG9dMIGRrgKCClkYNhEElfIwAibSMKKHBhr\/DjdIVxgGMOMLVxghO4SWsTAsIkksFCBYRNJfKECI1wFhLd6YHgEdqMwgWEMM4cwgRGuAlIIERg2keQRIjBCd0lj1cDwCOxO7oFhDDMX98AIW2BTiRAYNpEk4hoYNpHk491huJlOxi0wTmOYH7gKOMazw3hcBdBdDvIMTDGut\/wmEg0ugWETSV5eHaY41KwONaezSmDYRKLEPDCMYebm0WG4CkjMIzBsIknMNDBsIsnPusNwFZCcWWAYw5yDZYcphrVeVIeaU5s5MIxhDmASGDaRzMOqwxSjOpeqQ83pWQXG4+yFMcwBhgfGaQyzGtdbhkWH4exlIkO3mbCJZD6jOwzdZTKjA8MmkskMCwyPwM5pZIcpA1\/7nupQcykzBYYxTANDAsMmknmN6jBl0Ou2VIeayxkVGDaRTEo9ME5jmNW43rJGdBgO6yamGhg2kcxPu8PQXSanHRg2kUxOLTA8ArsGzQ5TFF+rV3WoubTMgWEM04FKYNhEsg6tDlOUXmeL6lBzeYcDwyOwa9HoMJy9LEQjMIxhLuRQYBjDXM\/RDsOvH1vM0cCwiWQxuwPjNIZJd3F2pMMUrTexAd+\/ONsVGKdNJIxhBrC3w3AVsKi9gSmab6IDm0iC2BwYNpGsbU+H4SpgYXsCwxjmwjYFhjFMbO0wXAUsbmtg2ESyuO7AOI1h0l2C2dJhyqg30cD3L8F0BYYxTLzo7TBl5Ju4ozrUxBuiBoZNJEG9GRg2keBST4cpo9\/EDdWhJjr0BIYxTHzVDIzTJhLOXgJ7q8NwM41X7m4zYRMJbml1GLoLvtEKTLF6E2eMYSZwMzCMYeKeex2mWL6Js+pQExtFCQybSJL4JjBsIkHLrQ5TrN+EEJg0bgWGMUzc9SowTptIuApI5LrDcFiHpq+BYRMJelx2GLoL3nQZmGJcmzHMhL4XYQwT\/V46THGoXR1q4iCvwLCJJKk\/nH86sj4L+WhcD0r+B5\/wFEOrR8lBAAAAAElFTkSuQmCC\"><\/image><\/pattern><\/defs><rect id=\"forward_orange\" width=\"24\" height=\"52\" fill=\"url(#pattern)\"><\/rect><\/svg>\t\t\t<\/span>\n\t\t\t\t\t\t\t\t\t<span class=\"elementor-button-text\">Mehr erfahren<\/span>\n\t\t\t\t\t<\/span>\n\t\t\t\t\t<\/a>\n\t\t\t\t<\/div>\n\t\t\t\t\t\t\t\t<\/div>\n\t\t\t\t<\/div>\n\t\t\t\t\t<\/div>\n\t\t\t\t<\/div>\n\t\t\t\t<\/div>\n\t\t\t\t<\/div>\n\t\t\n\t\t\t\t\t\t<\/div>\n\t\t\t\t<\/div>\n\t\t\t\t<\/div>\n\t\t\t\t\t<\/div>\n\t\t\t\t<\/div>\n\t\t\t\t<\/div>","protected":false},"excerpt":{"rendered":"<p>We value integrity, innovation, and continuous learning, offering a supportive environment where your talents can thrive. Whether you\u2019re a seasoned professional or just starting your career journey, explore our current openings to join a team that values collaboration, growth, and making a positive impact in the financial advisory industry. Falls Sie Interesse an einem unserer [&hellip;]<\/p>","protected":false},"author":1,"featured_media":0,"parent":0,"menu_order":0,"comment_status":"closed","ping_status":"closed","template":"","meta":{"footnotes":""},"class_list":["post-520","page","type-page","status-publish","hentry"],"_links":{"self":[{"href":"https:\/\/ohp.tax\/de\/wp-json\/wp\/v2\/pages\/520","targetHints":{"allow":["GET"]}}],"collection":[{"href":"https:\/\/ohp.tax\/de\/wp-json\/wp\/v2\/pages"}],"about":[{"href":"https:\/\/ohp.tax\/de\/wp-json\/wp\/v2\/types\/page"}],"author":[{"embeddable":true,"href":"https:\/\/ohp.tax\/de\/wp-json\/wp\/v2\/users\/1"}],"replies":[{"embeddable":true,"href":"https:\/\/ohp.tax\/de\/wp-json\/wp\/v2\/comments?post=520"}],"version-history":[{"count":55,"href":"https:\/\/ohp.tax\/de\/wp-json\/wp\/v2\/pages\/520\/revisions"}],"predecessor-version":[{"id":729,"href":"https:\/\/ohp.tax\/de\/wp-json\/wp\/v2\/pages\/520\/revisions\/729"}],"wp:attachment":[{"href":"https:\/\/ohp.tax\/de\/wp-json\/wp\/v2\/media?parent=520"}],"curies":[{"name":"wp","href":"https:\/\/api.w.org\/{rel}","templated":true}]}}